{"id":10373,"date":"2024-03-28T11:35:06","date_gmt":"2024-03-28T09:35:06","guid":{"rendered":"https:\/\/vtest1.college-lapierre.fr\/?page_id=10373"},"modified":"2024-10-19T14:14:32","modified_gmt":"2024-10-19T12:14:32","slug":"stages-de-reussite-college-georges-lapierre","status":"publish","type":"page","link":"https:\/\/vtest1.college-lapierre.fr\/?page_id=10373","title":{"rendered":"Stages de r\u00e9ussite -Coll\u00e8ge Georges LAPIERRE"},"content":{"rendered":"\n<p style=\"padding-top:var(--wp--preset--spacing--20);padding-right:var(--wp--preset--spacing--80);padding-bottom:var(--wp--preset--spacing--20);padding-left:var(--wp--preset--spacing--80)\"><strong>Stage de r\u00e9ussite &#8211; Coll\u00e8ge Georges LAPIERRE- Lormont<\/strong><\/p>\n\n\n\n<p style=\"padding-top:var(--wp--preset--spacing--20);padding-right:var(--wp--preset--spacing--80);padding-bottom:var(--wp--preset--spacing--20);padding-left:var(--wp--preset--spacing--80)\">Madame, Monsieur,<\/p>\n\n\n\n<p style=\"padding-top:var(--wp--preset--spacing--20);padding-right:var(--wp--preset--spacing--80);padding-bottom:var(--wp--preset--spacing--20);padding-left:var(--wp--preset--spacing--80)\">L&rsquo;inscription de votre enfant au stage de r\u00e9ussite du coll\u00e8ge Lapierre a bien \u00e9t\u00e9 enregistr\u00e9e.<\/p>\n\n\n\n<p style=\"padding-top:var(--wp--preset--spacing--20);padding-right:var(--wp--preset--spacing--80);padding-bottom:var(--wp--preset--spacing--20);padding-left:var(--wp--preset--spacing--80)\"><strong><em>L&rsquo;\u00e9quipe de Direction<\/em><\/strong><\/p>\n\n\n\n<p style=\"padding-top:var(--wp--preset--spacing--20);padding-right:var(--wp--preset--spacing--80);padding-bottom:var(--wp--preset--spacing--20);padding-left:var(--wp--preset--spacing--80)\"><strong><em>Coll\u00e8ge Georges LAPIERRE &#8211; Lormont<\/em><\/strong><\/p>\n","protected":false},"excerpt":{"rendered":"<p>Stage de r\u00e9ussite &#8211; Coll\u00e8ge Georges LAPIERRE- Lormont Madame, Monsieur, L&rsquo;inscription de votre enfant au stage de r\u00e9ussite du coll\u00e8ge Lapierre a bien \u00e9t\u00e9 enregistr\u00e9e. L&rsquo;\u00e9quipe de Direction Coll\u00e8ge Georges LAPIERRE &#8211; Lormont<\/p>\n","protected":false},"author":2,"featured_media":0,"parent":0,"menu_order":0,"comment_status":"closed","ping_status":"closed","template":"","meta":{"footnotes":""},"categories":[],"tags":[],"class_list":["post-10373","page","type-page","status-publish","hentry"],"_links":{"self":[{"href":"https:\/\/vtest1.college-lapierre.fr\/index.php?rest_route=\/wp\/v2\/pages\/10373","targetHints":{"allow":["GET"]}}],"collection":[{"href":"https:\/\/vtest1.college-lapierre.fr\/index.php?rest_route=\/wp\/v2\/pages"}],"about":[{"href":"https:\/\/vtest1.college-lapierre.fr\/index.php?rest_route=\/wp\/v2\/types\/page"}],"author":[{"embeddable":true,"href":"https:\/\/vtest1.college-lapierre.fr\/index.php?rest_route=\/wp\/v2\/users\/2"}],"replies":[{"embeddable":true,"href":"https:\/\/vtest1.college-lapierre.fr\/index.php?rest_route=%2Fwp%2Fv2%2Fcomments&post=10373"}],"version-history":[{"count":4,"href":"https:\/\/vtest1.college-lapierre.fr\/index.php?rest_route=\/wp\/v2\/pages\/10373\/revisions"}],"predecessor-version":[{"id":10911,"href":"https:\/\/vtest1.college-lapierre.fr\/index.php?rest_route=\/wp\/v2\/pages\/10373\/revisions\/10911"}],"wp:attachment":[{"href":"https:\/\/vtest1.college-lapierre.fr\/index.php?rest_route=%2Fwp%2Fv2%2Fmedia&parent=10373"}],"wp:term":[{"taxonomy":"category","embeddable":true,"href":"https:\/\/vtest1.college-lapierre.fr\/index.php?rest_route=%2Fwp%2Fv2%2Fcategories&post=10373"},{"taxonomy":"post_tag","embeddable":true,"href":"https:\/\/vtest1.college-lapierre.fr\/index.php?rest_route=%2Fwp%2Fv2%2Ftags&post=10373"}],"curies":[{"name":"wp","href":"https:\/\/api.w.org\/{rel}","templated":true}]}}