{"id":42,"date":"2022-12-23T14:57:10","date_gmt":"2022-12-23T14:57:10","guid":{"rendered":"https:\/\/vtest1.college-lapierre.fr\/?page_id=42"},"modified":"2024-05-22T11:25:55","modified_gmt":"2024-05-22T09:25:55","slug":"teleservices","status":"publish","type":"page","link":"https:\/\/vtest1.college-lapierre.fr\/?page_id=42","title":{"rendered":"Pronote &#038; Services en ligne"},"content":{"rendered":"\n<h2 class=\"wp-block-heading\"><a href=\"https:\/\/0331619f.index-education.net\/pronote\/\" target=\"_blank\" rel=\"noreferrer noopener\">Connexion \u00e0 PRONOTE<\/a><\/h2>\n\n\n\n<p>L&rsquo;application pour suivre la scolarit\u00e9 de votre enfant au coll\u00e8ge Lapierre : emploi du temps, devoirs, absences, \u00e9valuations, notes, discipline&#8230;<\/p>\n\n\n<div class=\"wp-block-image\">\n<figure class=\"aligncenter size-thumbnail\"><img loading=\"lazy\" decoding=\"async\" width=\"150\" height=\"150\" src=\"https:\/\/vtest1.college-lapierre.fr\/wp-content\/uploads\/2023\/11\/Pronote-150x150.png\" alt=\"\" class=\"wp-image-10099\" srcset=\"https:\/\/vtest1.college-lapierre.fr\/wp-content\/uploads\/2023\/11\/Pronote-150x150.png 150w, https:\/\/vtest1.college-lapierre.fr\/wp-content\/uploads\/2023\/11\/Pronote.png 200w\" sizes=\"auto, (max-width: 150px) 100vw, 150px\" \/><\/figure>\n<\/div>\n\n\n<p>Vous pouvez installer l&rsquo;application Pronote sur votre t\u00e9l\u00e9phone pour suivre facilement toutes les informations concernant votre enfant et le coll\u00e8ge.<\/p>\n\n\n\n<figure class=\"wp-block-embed is-type-video is-provider-youtube wp-block-embed-youtube wp-embed-aspect-16-9 wp-has-aspect-ratio\"><div class=\"wp-block-embed__wrapper\">\n<iframe loading=\"lazy\" title=\"Comment se connecter \u00e0 Pronote sur t\u00e9l\u00e9phone\" width=\"650\" height=\"366\" src=\"https:\/\/www.youtube.com\/embed\/inScL5yow3Q?feature=oembed\" frameborder=\"0\" allow=\"accelerometer; autoplay; clipboard-write; encrypted-media; gyroscope; picture-in-picture; web-share\" referrerpolicy=\"strict-origin-when-cross-origin\" allowfullscreen><\/iframe>\n<\/div><figcaption class=\"wp-element-caption\">Adresse PRONOTE fournie par l&rsquo;\u00e9tablissement : <a href=\"https:\/\/0331619f.index-education.net\/pronote\/\" target=\"_blank\" rel=\"noreferrer noopener\">https:\/\/0331619f.index-education.net\/pronote\/<\/a><\/figcaption><\/figure>\n\n\n\n<h2 class=\"wp-block-heading\"><a href=\"https:\/\/mediacentre.gar.education.fr\/\" target=\"_blank\" rel=\"noreferrer noopener\">Connexion \u00e0 EDUGAR<\/a><\/h2>\n\n\n\n<p>L&rsquo;ENT (Espace Num\u00e9rique de Travail) du coll\u00e8ge : les \u00e9l\u00e8ves s&rsquo;y connectent pour acc\u00e9der \u00e0 certaines applications : PIX (\u00e9valuation des comp\u00e9tences num\u00e9riques), <a href=\"https:\/\/e-assr.education-securite-routiere.fr\/preparer\/assr\" target=\"_blank\" rel=\"noreferrer noopener\">se pr\u00e9parer aux attestations de s\u00e9curit\u00e9 routi\u00e8re (ASSR1, ASSR2)<\/a><\/p>\n\n\n\n<h2 class=\"wp-block-heading\"><a href=\"https:\/\/educonnect.education.gouv.fr\/\" target=\"_blank\" rel=\"noreferrer noopener\">Connexion \u00e0 EDUCONNECT<\/a><\/h2>\n\n\n\n<p>Un compte unique pour les services num\u00e9riques des \u00e9coles et des \u00e9tablissements. Le compte \u00c9duConnect peut donner acc\u00e8s&nbsp;:<\/p>\n\n\n\n<ul class=\"wp-block-list\">\n<li>aux d\u00e9marches en ligne, comme la fiche de renseignements, la demande de bourse, etc&nbsp;;<\/li>\n\n\n\n<li>\u00e0 l\u2019espace num\u00e9rique de travail (ENT)&nbsp;;<\/li>\n\n\n\n<li>au livret scolaire<\/li>\n<\/ul>\n\n\n\n<p><\/p>\n\n\n\n<p class=\"has-black-color has-luminous-vivid-amber-background-color has-text-color has-background has-link-color has-large-font-size wp-elements-104e4010e977ac81032a8ecb285dca75\">TURBOSELF : restauration scolaire<\/p>\n\n\n\n<p>Il est d\u00e9sormais possible de recharger les cartes de restauration en ligne pour les personnels et les \u00e9l\u00e8ves non demi-pensionnaires qui mangent r\u00e9guli\u00e8rement au restaurant scolaire du coll\u00e8ge..<\/p>\n\n\n\n<p>Afin de limiter le traitement des esp\u00e8ces et ch\u00e8ques, je vous demanderai de privil\u00e9gier ce processus.<\/p>\n\n\n\n<p>Pour cela, il faut suivre les \u00e9tapes simples suivantes :<\/p>\n\n\n\n<p>1. La premi\u00e8re fois,&nbsp; il vous faut cr\u00e9er votre compte Turboself via le lien ci-dessous (moins de 30 secondes requises) :<\/p>\n\n\n\n<blockquote class=\"wp-block-quote is-layout-flow wp-block-quote-is-layout-flow\">\n<p>&#8211; soit via l&rsquo;application en scannant le QR code ci-joint&nbsp; (m\u00e9thode plus simple). Le QR code sera aussi affich\u00e9 en salle des personnels.<\/p>\n\n\n\n<figure class=\"wp-block-image size-large\"><a href=\"http:\/\/www.college-lapierre.fr\/wp-content\/uploads\/2023\/04\/Scan_20230426_140534_page-0002.jpg\"><img loading=\"lazy\" decoding=\"async\" width=\"724\" height=\"1024\" src=\"http:\/\/www.college-lapierre.fr\/wp-content\/uploads\/2023\/04\/Scan_20230426_140534_page-0002-724x1024.jpg\" alt=\"\" class=\"wp-image-8586\" srcset=\"https:\/\/vtest1.college-lapierre.fr\/wp-content\/uploads\/2023\/04\/Scan_20230426_140534_page-0002-724x1024.jpg 724w, https:\/\/vtest1.college-lapierre.fr\/wp-content\/uploads\/2023\/04\/Scan_20230426_140534_page-0002-212x300.jpg 212w, https:\/\/vtest1.college-lapierre.fr\/wp-content\/uploads\/2023\/04\/Scan_20230426_140534_page-0002-768x1086.jpg 768w, https:\/\/vtest1.college-lapierre.fr\/wp-content\/uploads\/2023\/04\/Scan_20230426_140534_page-0002-1086x1536.jpg 1086w, https:\/\/vtest1.college-lapierre.fr\/wp-content\/uploads\/2023\/04\/Scan_20230426_140534_page-0002.jpg 1240w\" sizes=\"auto, (max-width: 724px) 100vw, 724px\" \/><\/a><\/figure>\n\n\n\n<p><br>&#8211; soit via le lien internet en recopiant le lien suivant dans votre barre de recherche :<\/p>\n\n\n\n<blockquote class=\"wp-block-quote is-layout-flow wp-block-quote-is-layout-flow\">\n<p><a href=\"https:\/\/espacenumerique.turbo-self.com\/Connexion.aspx?id=5062\">https:\/\/espacenumerique.turbo-self.com\/Connexion.aspx?id=5062<\/a><\/p>\n<\/blockquote>\n<\/blockquote>\n\n\n\n<p>2. Sous&nbsp; 48h maximum, vous recevrez un mail de confirmation et pourrez alors recharger votre carte r\u00e9guli\u00e8rement.<\/p>\n\n\n\n<p>Si besoin, n&rsquo;h\u00e9sitez pas \u00e0 vous rapprocher vous du secr\u00e9tariat de gestion qui pourra vous aider.<\/p>\n","protected":false},"excerpt":{"rendered":"<p>Connexion \u00e0 PRONOTE L&rsquo;application pour suivre la scolarit\u00e9 de votre enfant au coll\u00e8ge Lapierre : emploi du temps, devoirs, absences, \u00e9valuations, notes, discipline&#8230; Vous pouvez installer l&rsquo;application Pronote sur votre t\u00e9l\u00e9phone pour suivre facilement toutes les informations concernant votre enfant et le coll\u00e8ge. Connexion \u00e0 EDUGAR L&rsquo;ENT (Espace Num\u00e9rique de Travail) du coll\u00e8ge : les&#8230;<\/p>\n<p class=\"more-link-wrap\"><a href=\"https:\/\/vtest1.college-lapierre.fr\/?page_id=42\" class=\"more-link\">Read More<span class=\"screen-reader-text\"> &ldquo;Pronote &#038; Services en ligne&rdquo;<\/span> &raquo;<\/a><\/p>\n","protected":false},"author":2,"featured_media":0,"parent":22,"menu_order":0,"comment_status":"closed","ping_status":"closed","template":"","meta":{"footnotes":""},"categories":[],"tags":[],"class_list":["post-42","page","type-page","status-publish","hentry"],"_links":{"self":[{"href":"https:\/\/vtest1.college-lapierre.fr\/index.php?rest_route=\/wp\/v2\/pages\/42","targetHints":{"allow":["GET"]}}],"collection":[{"href":"https:\/\/vtest1.college-lapierre.fr\/index.php?rest_route=\/wp\/v2\/pages"}],"about":[{"href":"https:\/\/vtest1.college-lapierre.fr\/index.php?rest_route=\/wp\/v2\/types\/page"}],"author":[{"embeddable":true,"href":"https:\/\/vtest1.college-lapierre.fr\/index.php?rest_route=\/wp\/v2\/users\/2"}],"replies":[{"embeddable":true,"href":"https:\/\/vtest1.college-lapierre.fr\/index.php?rest_route=%2Fwp%2Fv2%2Fcomments&post=42"}],"version-history":[{"count":13,"href":"https:\/\/vtest1.college-lapierre.fr\/index.php?rest_route=\/wp\/v2\/pages\/42\/revisions"}],"predecessor-version":[{"id":10465,"href":"https:\/\/vtest1.college-lapierre.fr\/index.php?rest_route=\/wp\/v2\/pages\/42\/revisions\/10465"}],"up":[{"embeddable":true,"href":"https:\/\/vtest1.college-lapierre.fr\/index.php?rest_route=\/wp\/v2\/pages\/22"}],"wp:attachment":[{"href":"https:\/\/vtest1.college-lapierre.fr\/index.php?rest_route=%2Fwp%2Fv2%2Fmedia&parent=42"}],"wp:term":[{"taxonomy":"category","embeddable":true,"href":"https:\/\/vtest1.college-lapierre.fr\/index.php?rest_route=%2Fwp%2Fv2%2Fcategories&post=42"},{"taxonomy":"post_tag","embeddable":true,"href":"https:\/\/vtest1.college-lapierre.fr\/index.php?rest_route=%2Fwp%2Fv2%2Ftags&post=42"}],"curies":[{"name":"wp","href":"https:\/\/api.w.org\/{rel}","templated":true}]}}