{"id":9847,"date":"2023-09-04T16:56:44","date_gmt":"2023-09-04T16:56:44","guid":{"rendered":"https:\/\/vtest1.college-lapierre.fr\/?page_id=9847"},"modified":"2024-09-16T12:26:53","modified_gmt":"2024-09-16T10:26:53","slug":"bourses-nationales-2023","status":"publish","type":"page","link":"https:\/\/vtest1.college-lapierre.fr\/?page_id=9847","title":{"rendered":"BOURSES NATIONALES COLLEGE 2024-2025"},"content":{"rendered":"\n<figure class=\"wp-block-image size-full\"><img loading=\"lazy\" decoding=\"async\" width=\"474\" height=\"197\" src=\"https:\/\/vtest1.college-lapierre.fr\/wp-content\/uploads\/2024\/09\/Bourses-demander.webp\" alt=\"\" class=\"wp-image-10825\" srcset=\"https:\/\/vtest1.college-lapierre.fr\/wp-content\/uploads\/2024\/09\/Bourses-demander.webp 474w, https:\/\/vtest1.college-lapierre.fr\/wp-content\/uploads\/2024\/09\/Bourses-demander-300x125.webp 300w\" sizes=\"auto, (max-width: 474px) 100vw, 474px\" \/><\/figure>\n\n\n\n<p>Vous trouverez sur cette page des informations et tutoriels pour vous connecter \u00e0 Educonnect et effectuer votre demande de bourses.<\/p>\n\n\n\n<p class=\"has-text-align-center has-vivid-red-color has-text-color has-link-color wp-elements-3c5a0a8227d9b0ab66b00e41bd060209\"><strong>Attention ! Une seule demande par enfant.<\/strong><\/p>\n\n\n\n<p class=\"has-text-align-center has-vivid-red-color has-text-color has-link-color wp-elements-8879ad26cba6bb2737f15e82f7d1389e\"><strong>Seul un responsable par enfant peut effectuer la demande de Bourse.<\/strong><\/p>\n\n\n\n<blockquote class=\"wp-block-quote is-layout-flow wp-block-quote-is-layout-flow\">\n<p><strong>Pour toute difficult\u00e9 de connexion, n&rsquo;h\u00e9sitez pas \u00e0 contacter le coll\u00e8ge<\/strong> <strong>(05 57 80 10 25, touche 4 ou <a href=\"mailto:connexion@college-lapierre.fr\" target=\"_blank\" rel=\"noreferrer noopener\">connexion@college-lapierre.fr<\/a>) si vous n&rsquo;avez pas r\u00e9ussi \u00e0 valider votre demande de Bourse \u00e0 l&rsquo;aide des information ci-dessous.<\/strong><\/p>\n<\/blockquote>\n\n\n\n<figure class=\"wp-block-image size-full\"><img loading=\"lazy\" decoding=\"async\" width=\"658\" height=\"915\" src=\"https:\/\/vtest1.college-lapierre.fr\/wp-content\/uploads\/2024\/09\/Bourses-mode-demploi-2024-25.png\" alt=\"\" class=\"wp-image-10821\" srcset=\"https:\/\/vtest1.college-lapierre.fr\/wp-content\/uploads\/2024\/09\/Bourses-mode-demploi-2024-25.png 658w, https:\/\/vtest1.college-lapierre.fr\/wp-content\/uploads\/2024\/09\/Bourses-mode-demploi-2024-25-216x300.png 216w\" sizes=\"auto, (max-width: 658px) 100vw, 658px\" \/><\/figure>\n\n\n\n<p>Pour commencer, vous devez vous munir de vos codes Educonnect. Ils vous ont \u00e9t\u00e9 envoy\u00e9s par courriel ou ont \u00e9t\u00e9 distribu\u00e9s \u00e0 votre enfant si le coll\u00e8ge n&rsquo;a pas d&rsquo;adresse courriel renseign\u00e9e vous concernant.<\/p>\n\n\n\n<p>Lien Educonnect : <a href=\"https:\/\/educonnect.education.gouv.fr\/\" target=\"_blank\" rel=\"noreferrer noopener\">https:\/\/educonnect.education.gouv.fr\/<\/a><\/p>\n\n\n\n<ol class=\"wp-block-list\">\n<li>Une fois votre compte Educonnect activ\u00e9 (n&rsquo;oubliez pas de finaliser l&rsquo;activation de votre compte en cliquant sur le lien que vous avez recevrez par courriel une fois votre mot de passe cr\u00e9\u00e9).<\/li>\n\n\n\n<li>Vous pouvez effectuer votre demande de Bourse (<strong><a href=\"#tutobourses\">voir tutoriel ci-dessous<\/a><\/strong>).<\/li>\n<\/ol>\n\n\n\n<blockquote class=\"wp-block-quote is-style-default has-white-color has-vivid-red-background-color has-text-color has-background is-layout-flow wp-block-quote-is-layout-flow\" style=\"font-size:20px;font-style:normal;font-weight:800\">\n<p><strong>ATTENTION : la demande de Bourse ne \u00eatre effectuer que par 1 seul responsable<\/strong> (celui qui a la charge des enfants sur son avis d&rsquo;imposition).<\/p>\n<\/blockquote>\n\n\n\n<hr class=\"wp-block-separator has-alpha-channel-opacity\"\/>\n\n\n\n<p><span style=\"text-decoration: underline;\"><strong><strong>Un tutoriel pour la cr\u00e9ation de son compte Educonnect avec votre num\u00e9ro de t\u00e9l\u00e9phone portable<\/strong><\/strong> :<\/span><\/p>\n\n\n\n<figure class=\"wp-block-embed is-type-video is-provider-youtube wp-block-embed-youtube wp-embed-aspect-16-9 wp-has-aspect-ratio\"><div class=\"wp-block-embed__wrapper\">\n<iframe loading=\"lazy\" title=\"Activation compte Educonnect avec num\u00e9ro de t\u00e9l\u00e9phone portable\" width=\"650\" height=\"366\" src=\"https:\/\/www.youtube.com\/embed\/gnDabZnvdy4?feature=oembed\" frameborder=\"0\" allow=\"accelerometer; autoplay; clipboard-write; encrypted-media; gyroscope; picture-in-picture; web-share\" referrerpolicy=\"strict-origin-when-cross-origin\" allowfullscreen><\/iframe>\n<\/div><\/figure>\n\n\n\n<p>Il est \u00e9galement possible de se connecter \u00e0 <strong><span style=\"text-decoration: underline;\">Educonnect  avec France Connect :<\/span><\/strong><\/p>\n\n\n\n<hr class=\"wp-block-separator has-alpha-channel-opacity\"\/>\n\n\n\n<div id=\"tutobourses\" class=\"wp-block-group\"><div class=\"wp-block-group__inner-container is-layout-constrained wp-block-group-is-layout-constrained\">\n<p id=\"tutobourses\"><strong><span style=\"text-decoration: underline;\">Un tutoriel pour effectuer pour effectuer votre demande de Bourses nationales coll\u00e8ge 2023-2024 :<\/span><\/strong><\/p>\n<\/div><\/div>\n\n\n\n<figure class=\"wp-block-embed is-type-video is-provider-youtube wp-block-embed-youtube wp-embed-aspect-16-9 wp-has-aspect-ratio\"><div class=\"wp-block-embed__wrapper\">\n<iframe loading=\"lazy\" title=\"Demande de bourse de coll\u00e8ge\" width=\"650\" height=\"366\" src=\"https:\/\/www.youtube.com\/embed\/lcaJgdwd_cY?feature=oembed\" frameborder=\"0\" allow=\"accelerometer; autoplay; clipboard-write; encrypted-media; gyroscope; picture-in-picture; web-share\" referrerpolicy=\"strict-origin-when-cross-origin\" allowfullscreen><\/iframe>\n<\/div><\/figure>\n","protected":false},"excerpt":{"rendered":"<p>Vous trouverez sur cette page des informations et tutoriels pour vous connecter \u00e0 Educonnect et effectuer votre demande de bourses. Attention ! Une seule demande par enfant. Seul un responsable par enfant peut effectuer la demande de Bourse. Pour toute difficult\u00e9 de connexion, n&rsquo;h\u00e9sitez pas \u00e0 contacter le coll\u00e8ge (05 57 80 10 25, touche&#8230;<\/p>\n<p class=\"more-link-wrap\"><a href=\"https:\/\/vtest1.college-lapierre.fr\/?page_id=9847\" class=\"more-link\">Read More<span class=\"screen-reader-text\"> &ldquo;BOURSES NATIONALES COLLEGE 2024-2025&rdquo;<\/span> &raquo;<\/a><\/p>\n","protected":false},"author":2,"featured_media":10815,"parent":0,"menu_order":0,"comment_status":"closed","ping_status":"closed","template":"","meta":{"footnotes":""},"categories":[36,52,24],"tags":[102,103],"class_list":["post-9847","page","type-page","status-publish","has-post-thumbnail","hentry","category-bourse","category-gestion","category-parents_d-eleves","tag-bourse","tag-bourses"],"_links":{"self":[{"href":"https:\/\/vtest1.college-lapierre.fr\/index.php?rest_route=\/wp\/v2\/pages\/9847","targetHints":{"allow":["GET"]}}],"collection":[{"href":"https:\/\/vtest1.college-lapierre.fr\/index.php?rest_route=\/wp\/v2\/pages"}],"about":[{"href":"https:\/\/vtest1.college-lapierre.fr\/index.php?rest_route=\/wp\/v2\/types\/page"}],"author":[{"embeddable":true,"href":"https:\/\/vtest1.college-lapierre.fr\/index.php?rest_route=\/wp\/v2\/users\/2"}],"replies":[{"embeddable":true,"href":"https:\/\/vtest1.college-lapierre.fr\/index.php?rest_route=%2Fwp%2Fv2%2Fcomments&post=9847"}],"version-history":[{"count":13,"href":"https:\/\/vtest1.college-lapierre.fr\/index.php?rest_route=\/wp\/v2\/pages\/9847\/revisions"}],"predecessor-version":[{"id":10826,"href":"https:\/\/vtest1.college-lapierre.fr\/index.php?rest_route=\/wp\/v2\/pages\/9847\/revisions\/10826"}],"wp:featuredmedia":[{"embeddable":true,"href":"https:\/\/vtest1.college-lapierre.fr\/index.php?rest_route=\/wp\/v2\/media\/10815"}],"wp:attachment":[{"href":"https:\/\/vtest1.college-lapierre.fr\/index.php?rest_route=%2Fwp%2Fv2%2Fmedia&parent=9847"}],"wp:term":[{"taxonomy":"category","embeddable":true,"href":"https:\/\/vtest1.college-lapierre.fr\/index.php?rest_route=%2Fwp%2Fv2%2Fcategories&post=9847"},{"taxonomy":"post_tag","embeddable":true,"href":"https:\/\/vtest1.college-lapierre.fr\/index.php?rest_route=%2Fwp%2Fv2%2Ftags&post=9847"}],"curies":[{"name":"wp","href":"https:\/\/api.w.org\/{rel}","templated":true}]}}